{"id":3488,"date":"2018-05-24T16:55:12","date_gmt":"2018-05-24T14:55:12","guid":{"rendered":"http:\/\/artfoto.org.pl\/?page_id=3488"},"modified":"2018-05-28T09:19:08","modified_gmt":"2018-05-28T07:19:08","slug":"polityka-prywatnosci","status":"publish","type":"page","link":"https:\/\/artfoto.org.pl\/en\/polityka-prywatnosci\/","title":{"rendered":"Privacy Policy and Cookie Policy"},"content":{"rendered":"<p style=\"text-align: center;\"><strong>\u00a71 POSTANOWIENIA OG\u00d3LNE<\/strong><\/p>\n<div class=\"clearfix\"><\/div><div class=\"hr_padding\"><\/div>\n<p>1. Administrator strony internetowej www.artfoto.org.pl szanuje prawo u\u017cytkownik\u00f3w do prywatno\u015bci i dba ze szczeg\u00f3ln\u0105 trosk\u0105 o ochron\u0119 ich danych osobowych aby ka\u017cdy internauta korzystaj\u0105cy z tej strony czu\u0142 si\u0119 w pe\u0142ni bezpiecznie.\u00a0Korzystanie ze strony internetowej www.artfoto.org.pl\u00a0 oznacza akceptacj\u0119 poni\u017cszych warunk\u00f3w Polityki Prywatno\u015bci i Polityki Cookies.<\/p>\n<p>2. Niniejsza Polityka Prywatno\u015bci i Polityka Cookies okre\u015bla zasady przetwarzania i ochrony danych osobowych przekazanych przez U\u017cytkownik\u00f3w oraz plik\u00f3w Cookies, a tak\u017ce innych technologii stosowanych na stronie internetowej www.artfoto.org.pl .<\/p>\n<p>3. W razie jakichkolwiek w\u0105tpliwo\u015bci w zakresie postanowie\u0144 niniejszej Polityki Prywatno\u015bci i Polityki Cookies prosz\u0119 kontaktowa\u0107 si\u0119 z Administratorem poprzez adres e-mail <a href=\"mailto:kontakt@artfoto.org.pl\">kontakt@artfoto.org.pl<\/a>.<\/p>\n<p>4. Wszelkie dane osobowe i adresowe podane przez U\u017cytkownika na stronie www.artfoto.org.pl nie b\u0119d\u0105 w jakikolwiek spos\u00f3b udost\u0119pniane ani odsprzedawane osobom czy podmiotom trzecim.<\/p>\n<p>5. Administrator zastrzega sobie prawo do wprowadzania zmian w niniejszej polityce prywatno\u015bci, a ka\u017cdego U\u017cytkownika strony obowi\u0105zuje znajomo\u015b\u0107 aktualnej polityki prywatno\u015bci. Przyczyn\u0105 zmian mog\u0105 by\u0107 rozw\u00f3j technologii internetowej, zmiany w powszechnie obowi\u0105zuj\u0105cym prawie czy rozw\u00f3j strony.<\/p>\n<div class=\"clearfix\"><\/div><div class=\"hr_padding\"><\/div>\n<p style=\"text-align: center;\"><strong>\u00a72 DANE OSOBOWE<\/strong><\/p>\n<div class=\"clearfix\"><\/div><div class=\"hr_padding\"><\/div>\n<p>1. Administratorem danych osobowych U\u017cytkownika jest Bo\u017cena Ma\u0142ysiak.<\/p>\n<p>2. U\u017cytkownik dobrowolnie podaje dane osobowe za pomoc\u0105:\u00a0formularzy znajduj\u0105cych si\u0119 na stronie, o kt\u00f3rych mowa poni\u017cej, w celach na jakie wskazuj\u0105 dane formularze; pisz\u0105c e-mail na adres poczty elektronicznej udost\u0119pniony na podstronie kontaktowej lub\u00a0kontaktuj\u0105c si\u0119 telefonicznie.<\/p>\n<p>3. U\u017cytkownik wyra\u017ca zgod\u0119 na przetwarzanie podanych danych osobowych oraz na otrzymywanie informacji marketingowych \u015brodkami komunikacji elektronicznej od Administratora w celu realizacji zam\u00f3wie\u0144, kontaktu z U\u017cytkownikiem lub wysy\u0142ania innych informacji marketingowych, np. o wydarzeniach lub us\u0142ugach oferowanych przez Administratora.<\/p>\n<p>4. U\u017cytkownikowi przys\u0142uguje w ka\u017cdej chwili prawo dost\u0119pu do tre\u015bci jego danych, ich poprawiania, ich sprostowania, usuni\u0119cia lub ograniczenia przetwarzania, prawo do wniesienia sprzeciwu wobec przetwarzania, prawo do przenoszenia danych, prawo \u017c\u0105dania dost\u0119pu do danych, a tak\u017ce prawo wniesienia skargi do organu nadzorczego &#8211; Prezesa Urz\u0119du Ochrony Danych Osobowych (na zasadach okre\u015blonych w ustawie o ochronie danych osobowych), je\u015bli uzna, \u017ce przetwarzanie jego danych jest niezgodne z aktualnie obowi\u0105zuj\u0105cymi przepisami prawa w zakresie ochrony danych. Przys\u0142uguje mu te\u017c prawo do bycia zapomnianym, je\u015bli dalsze przetwarzanie nie b\u0119dzie przewidziane przez aktualnie obowi\u0105zuj\u0105ce przepisy prawa.<\/p>\n<p>W tych celach mo\u017ce zwr\u00f3ci\u0107 si\u0119 do Administratora poprzez adres e-mail: <a href=\"mailto:kontakt@artfoto.org.pl\">kontakt@artfoto.org.pl<\/a>.<\/p>\n<p>Zgoda U\u017cytkownika mo\u017ce by\u0107 w ka\u017cdym czasie odwo\u0142ana, cofni\u0119ta, co skutkowa\u0107 b\u0119dzie usuni\u0119ciem adresu e-mail z listy mailingowej Administratora. Cofni\u0119cie zgody pozostaje bez wp\u0142ywu na przetwarzanie danych, kt\u00f3rego dokonano na podstawie zgody przed jej cofni\u0119ciem.<\/p>\n<p>5. Wszelkie dane osobowe i adresowe podane przez U\u017cytkownika na stronie nie b\u0119d\u0105 w jakikolwiek spos\u00f3b udost\u0119pniane ani odsprzedawane \u017cadnemu innemu podmiotowi, ani poza obszar Unii Europejskiej.<\/p>\n<p>6. Dane U\u017cytkownika b\u0119d\u0105 przetwarzane przez Administratora w celach zwi\u0105zanych z realizacj\u0105 us\u0142ugi, do czasu odwo\u0142ania przez U\u017cytkownika zgody, a po wycofaniu zgody, w celu ewentualnego dochodzenia przez Administratora roszcze\u0144 &#8211; przez okres przedawnienia tych roszcze\u0144.<\/p>\n<p>7. Je\u015bli U\u017cytkownik nie poda swoich danych osobowych to nie b\u0119dzie m\u00f3g\u0142 skorzysta\u0107 z materia\u0142\u00f3w lub us\u0142ug oferowanych przez Administratora w ramach formularzy znajduj\u0105cych si\u0119 na stronie.<\/p>\n<p>8. U\u017cytkownik podaj\u0105c swoje dane osobowe zgadza si\u0119 na ich przetwarzanie w celach marketingu produkt\u00f3w i us\u0142ug Administratora, w tym na poddanie ich profilowaniu dla potrzeb przygotowania zindywidualizowanej oferty. U\u017cytkownik mo\u017ce wnie\u015b\u0107 sprzeciw wobec przetwarzania jego danych osobowych w celach marketingowych oraz sprzeciw wobec profilowania w tym celu.<\/p>\n<p>9.\u00a0U\u017cytkownik podaje dane dobrowolnie jednak\u017ce jest to konieczne do osi\u0105gni\u0119cia celu lub podj\u0119cia dzia\u0142a\u0144 zwi\u0105zanych z ich podaniem.<\/p>\n<p>10. Dane osobowe U\u017cytkownika s\u0105 przechowywane i chronione z nale\u017cyt\u0105 staranno\u015bci\u0105, zgodnie z wdro\u017conymi procedurami wewn\u0119trznymi Administratora.<\/p>\n<p>11. Administrator Danych Osobowych niniejszym informuje, \u017ce nie powo\u0142a\u0142 Inspektora Ochrony Danych Osobowych (ABI) i wykonuje samodzielnie obowi\u0105zki wynikaj\u0105ce z ustawy z dnia 29 sierpnia 1997 roku o ochronie danych osobowych (Dz. U. z 2016, poz. 922, dalej jako \u201eUODO\u201d).<\/p>\n<p>12. Podane przez U\u017cytkownika dane osobowe b\u0119d\u0105 wykorzystywane w celu i w zakresie wynikaj\u0105cym z udzielonych zg\u00f3d.<\/p>\n<p>13. Podstaw\u0105 prawn\u0105 przetwarzania danych osobowych podanych przez U\u017cytkownika stanowi\u0105:<br \/>\n&#8211; udzielona przez U\u017cytkownika zgoda (podczas wysy\u0142ania wiadomo\u015bci za pomoc\u0105 formularza kontaktowego umieszczonego na stronie, pisz\u0105c e-mail na adres poczty elektronicznej udost\u0119pniony na podstronie kontaktowej lub kontaktuj\u0105c si\u0119 telefonicznie);<br \/>\n&#8211; wype\u0142nienie prawnie usprawiedliwionych cel\u00f3w realizowanych przez Administratora albo odbiorc\u00f3w danych, kt\u00f3rymi s\u0105 w szczeg\u00f3lno\u015bci marketing bezpo\u015bredni w\u0142asnych produkt\u00f3w i\/lub us\u0142ug.<\/p>\n<p>14. W przypadku kontroli wykonywanej przez uprawnione do tego podmioty, zwi\u0105zanej z wype\u0142nianiem przepis\u00f3w RODO, Twoje dane mog\u0105 zosta\u0107 udost\u0119pnione pracownikom tych\u017ce podmiot\u00f3w, zgodnie z ustaw\u0105 o ochronie danych osobowych (RODO).<\/p>\n<div class=\"clearfix\"><\/div><div class=\"hr_padding\"><\/div>\n<p style=\"text-align: center;\"><strong>\u00a73 FORMULARZE<\/strong><\/p>\n<div class=\"clearfix\"><\/div><div class=\"hr_padding\"><\/div>\n<p>1. Na stronie zastosowane s\u0105 nast\u0119puj\u0105ce rodzaje formularzy:<br \/>\n&#8211; <strong>Formularz kontaktowy lub e-mail na stronie kontaktowej<\/strong>, kt\u00f3ry umo\u017cliwia wys\u0142anie wiadomo\u015bci do Administratora. Dane przetwarzane s\u0105 przez Administratora zgodnie z Polityk\u0105 Prywatno\u015bci w celu kontaktu z U\u017cytkownikiem;<\/p>\n<div class=\"clearfix\"><\/div><div class=\"hr_padding\"><\/div>\n<p style=\"text-align: center;\"><strong>\u00a74 TECHNOLOGIE\u00a0<\/strong><\/p>\n<div class=\"clearfix\"><\/div><div class=\"hr_padding\"><\/div>\n<p>1. Na stronie stosowane s\u0105 nast\u0119puj\u0105ce technologie obserwuj\u0105ce dzia\u0142ania podejmowane przez U\u017cytkownika w ramach strony:<br \/>\n&#8211; Piksel konwersji Facebooka &#8211; w celu zarz\u0105dzania reklamami na Facebooku i prowadzenia dzia\u0142a\u0144 remarketingowych;<\/p>\n<p>2. Artyku\u0142y na tej witrynie mog\u0105 zawiera\u0107 osadzone tre\u015bci (np. filmy z YouTube, Vimeo, mapy Google, obrazki z Instagrama, artyku\u0142y itp.). Osadzone tre\u015bci z innych witryn zachowuj\u0105 si\u0119 analogicznie do tego, jakby u\u017cytkownik odwiedzi\u0142 bezpo\u015brednio konkretn\u0105 witryn\u0119. Te witryny mog\u0105 zbiera\u0107 informacj\u0119 o tobie, u\u017cywa\u0107 ciasteczek, do\u0142\u0105cza\u0107 dodatkowe, zewn\u0119trzne systemy \u015bledzenia i monitorowa\u0107 twoje interakcje z osadzonym materia\u0142em, w\u0142\u0105czaj\u0105c w to \u015bledzenie twoich interakcji z osadzonym materia\u0142em je\u015bli posiadasz konto i jeste\u015b zalogowany w tamtej witrynie.<\/p>\n<p>3. Na Stronie mog\u0105 pojawia\u0107 si\u0119 linki odsy\u0142aj\u0105ce do innych stron internetowych. B\u0119d\u0105 one otwiera\u0107 si\u0119 w nowym oknie przegl\u0105darki lub w tym samym oknie. Administrator nie odpowiada za tre\u015bci przekazywane przez te strony. U\u017cytkownik zobowi\u0105zany jest do zapoznania si\u0119 z polityk\u0105 prywatno\u015bci lub regulaminem tych stron.<\/p>\n<div class=\"clearfix\"><\/div><div class=\"hr_padding\"><\/div>\n<p style=\"text-align: center;\"><strong>\u00a75 WY\u0141\u0104CZENIE ODPOWIEDZIALNO\u015aCI<\/strong><\/p>\n<div class=\"clearfix\"><\/div><div class=\"hr_padding\"><\/div>\n<p>1. Wszystkie tre\u015bci i zdj\u0119cia umieszczone na stronie stanowi\u0105 przedmiot praw autorskich Administratora. Administrator nie wyra\u017ca zgody na kopiowanie tre\u015bci zamieszczonych na stronie w ca\u0142o\u015bci lub cz\u0119\u015bci bez jego wyra\u017anej, pisemnej zgody.<\/p>\n<p>2. Administrator nie ponosi odpowiedzialno\u015bci za wykorzystanie tre\u015bci zawartych na stronie lub dzia\u0142ania czy zaniechania podejmowane na ich podstawie.<\/p>\n<div class=\"clearfix\"><\/div><div class=\"hr_padding\"><\/div>\n<div class=\"clearfix\"><\/div><div class=\"hr_padding\"><\/div>\n<h3 style=\"text-align: center;\"><strong>POLITYKA PLIK\u00d3W COOKIES<\/strong><\/h3>\n<div class=\"clearfix\"><\/div><div class=\"hr_padding\"><\/div>\n<p><strong>Strona www.artfoto.org.pl\u00a0\u017cywa plik\u00f3w cookies. Korzystanie z witryny bez zmiany ustawie\u0144 dotycz\u0105cych cookies oznacza, \u017ce b\u0119d\u0105 one zamieszczane w Pa\u0144stwa Urz\u0105dzeniu ko\u0144cowym.<\/strong><\/p>\n<p><strong>Pliki cookies<\/strong> zwane tak\u017ce \u201eciasteczkami\u201d s\u0105 to dane informatyczne, w szczeg\u00f3lno\u015bci pliki tekstowe, zapisywane i przechowywane w pami\u0119ci urz\u0105dzenia Wykorzystywanego do przegl\u0105dania stron internetowych (np. komputer, laptop, smartfon, Smart TV). Z plikami tymi, po ich zapisaniu, \u0142\u0105czy si\u0119 serwer albo serwery uzyskuj\u0105c do nich odpowiedni dost\u0119p. Cookies zazwyczaj zawieraj\u0105 nazw\u0119 strony internetowej, z kt\u00f3rej pochodz\u0105, czas przechowywania ich na urz\u0105dzeniu ko\u0144cowym oraz unikalny numer.<\/p>\n<p><strong>Pliki cookies nie zawieraj\u0105 \u017cadnych danych osobowych, nie s\u0142u\u017c\u0105 identyfikacji U\u017cytkownika i na ich podstawie nie jest ustalana to\u017csamo\u015b\u0107 U\u017cytkownika.<\/strong><\/p>\n<p><strong>Pliki cookies wykorzystywane s\u0105 w celu:<\/strong><br \/>\n&#8211; dostosowania zawarto\u015bci strony internetowej do preferencji U\u017cytkownika oraz optymalizacji korzystania ze strony; w szczeg\u00f3lno\u015bci pliki te pozwalaj\u0105 rozpozna\u0107 urz\u0105dzenie U\u017cytkownika strony i odpowiednio wy\u015bwietli\u0107 stron\u0119 internetow\u0105, dostosowan\u0105 do jego indywidualnych potrzeb;<br \/>\n&#8211; tworzenia statystyk, kt\u00f3re pomagaj\u0105 zrozumie\u0107, w jaki spos\u00f3b U\u017cytkownicy korzystaj\u0105 ze strony, co umo\u017cliwia ulepszanie jej struktury i zawarto\u015bci.<\/p>\n<p><strong>Z uwagi na czas \u017cycia cookies i innych podobnych technologii, stosowane s\u0105 dwa zasadnicze rodzaje tych plik\u00f3w:<\/strong><br \/>\n&#8211; <strong>sesyjne<\/strong> \u2013 pliki tymczasowe przechowywane w urz\u0105dzeniu ko\u0144cowym U\u017cytkownika do czasu wylogowania, opuszczenia strony internetowej lub wy\u0142\u0105czenia oprogramowania (przegl\u0105darki internetowej);<br \/>\n&#8211; <strong>sta\u0142e<\/strong> \u2013 przechowywane w urz\u0105dzeniu ko\u0144cowym U\u017cytkownika przez czas okre\u015blony w parametrach plik\u00f3w cookies lub do czasu ich usuni\u0119cia przez U\u017cytkownika.<\/p>\n<p><strong>Z uwagi na cel, stosowane s\u0105 nast\u0119puj\u0105ce rodzaje plik\u00f3w cookies:<\/strong><br \/>\n&#8211; <strong>niezb\u0119dne<\/strong> do dzia\u0142ania strony, umo\u017cliwiaj\u0105ce korzystanie z naszych us\u0142ug, np. uwierzytelniaj\u0105ce pliki cookies wykorzystywane do us\u0142ug wymagaj\u0105cych uwierzytelniania;<br \/>\n&#8211; pliki s\u0142u\u017c\u0105ce <strong>do zapewnienia bezpiecze\u0144stwa<\/strong>, np. wykorzystywane do wykrywania nadu\u017cy\u0107 w zakresie uwierzytelniania;<br \/>\n&#8211; <strong>wydajno\u015bciowe<\/strong> \u2013 umo\u017cliwiaj\u0105ce zbieranie statystyk, kt\u00f3re informuj\u0105 o tym w jaki spos\u00f3b U\u017cytkownicy korzystaj\u0105 ze strony, co umo\u017cliwia ulepszanie jej struktury i zawarto\u015bci;<br \/>\n&#8211; <strong>funkcjonalne<\/strong> \u2013 umo\u017cliwiaj\u0105ce \u201ezapami\u0119tanie\u201d wybranych przez U\u017cytkownika ustawie\u0144 i personalizacj\u0119 interfejsu U\u017cytkownika, np. w zakresie wybranego j\u0119zyka lub regionu, z kt\u00f3rego pochodzi U\u017cytkownik, rozmiaru czcionki, wygl\u0105du strony itp.;<br \/>\n&#8211; <strong>reklamowe<\/strong>\u00a0&#8211; umo\u017cliwiaj\u0105ce dostarczanie U\u017cytkownikom tre\u015bci reklamowych bardziej dostosowanych do ich zainteresowa\u0144;<br \/>\n&#8211; <strong>statystyczne<\/strong> \u2013 s\u0142u\u017c\u0105ce do zliczana statystyk dotycz\u0105cych stron internetowych i aplikacji.<\/p>\n<p>W wielu przypadkach oprogramowanie s\u0142u\u017c\u0105ce do przegl\u0105dania stron internetowych (przegl\u0105darka internetowa) domy\u015blnie dopuszcza przechowywanie plik\u00f3w cookies w urz\u0105dzeniu ko\u0144cowym U\u017cytkownika. <strong>U\u017cytkownicy strony mog\u0105 dokona\u0107 w ka\u017cdym czasie zmiany ustawie\u0144 dotycz\u0105cych plik\u00f3w cookies.<\/strong> Ustawienia te mog\u0105 zosta\u0107 zmienione w szczeg\u00f3lno\u015bci w taki spos\u00f3b, aby blokowa\u0107 automatyczn\u0105 obs\u0142ug\u0119 plik\u00f3w cookies w ustawieniach przegl\u0105darki internetowej b\u0105d\u017a informowa\u0107 o ich ka\u017cdorazowym zamieszczeniu w urz\u0105dzeniu U\u017cytkownika strony. Szczeg\u00f3\u0142owe informacje o mo\u017cliwo\u015bci i sposobach obs\u0142ugi plik\u00f3w cookies dost\u0119pne s\u0105 w ustawieniach oprogramowania (przegl\u0105darki internetowej). Niedokonanie zmiany ustawie\u0144 w zakresie cookies oznacza, \u017ce b\u0119d\u0105 one zamieszczone w urz\u0105dzeniu ko\u0144cowym u\u017cytkownika a strona b\u0119dzie uzyskiwa\u0142a dost\u0119p do tych informacji.<\/p>\n<p><strong>Wy\u0142\u0105czenie lub ograniczenie stosowania cookies mo\u017ce spowodowa\u0107 utrudnienia w korzystaniu ze strony.<\/strong><\/p>\n<div class=\"clearfix\"><\/div><div class=\"hr_padding\"><\/div>\n<p>Wi\u0119cej informacji na temat plik\u00f3w cookies dost\u0119pnych jest pod adresem <a href=\"http:\/\/wszystkoociasteczkach.pl\/\" target=\"_blank\" rel=\"noopener\">http:\/\/wszystkoociasteczkach.pl\/<\/a> lub w sekcji \u201ePomoc\u201d w menu przegl\u0105darki internetowej.<br \/>\nPowy\u017csze fragmenty polityki Cookies chronione s\u0105 prawami autorskimi, kt\u00f3re przys\u0142uguj\u0105 IAB Polska i zosta\u0142y zaczerpni\u0119te ze strony <a href=\"http:\/\/wszystkoociasteczkach.pl\/\" target=\"_blank\" rel=\"noopener\">http:\/\/wszystkoociasteczkach.pl\/<\/a>.<br \/>\nData publikacji Polityki Prywatno\u015bci: 24.05.2018r.","protected":false},"excerpt":{"rendered":"<p>\u00a71 POSTANOWIENIA OG\u00d3LNE 1. Administrator strony internetowej www.artfoto.org.pl szanuje prawo u\u017cytkownik\u00f3w do prywatno\u015bci i dba ze szczeg\u00f3ln\u0105 trosk\u0105 o ochron\u0119 ich danych osobowych aby ka\u017cdy internauta korzystaj\u0105cy z tej strony czu\u0142 si\u0119 w pe\u0142ni bezpiecznie.\u00a0Korzystanie ze strony internetowej www.artfoto.org.pl\u00a0 oznacza akceptacj\u0119 poni\u017cszych warunk\u00f3w Polityki Prywatno\u015bci i Polityki Cookies. 2. Niniejsza Polityka Prywatno\u015bci i Polityka Cookies [&hellip;]<\/p>\n","protected":false},"author":2,"featured_media":0,"parent":0,"menu_order":0,"comment_status":"closed","ping_status":"closed","template":"","meta":{"footnotes":""},"class_list":["post-3488","page","type-page","status-publish","hentry"],"yoast_head":"<!-- This site is optimized with the Yoast SEO plugin v27.4 - https:\/\/yoast.com\/product\/yoast-seo-wordpress\/ -->\n<title>Privacy Policy and Cookie Policy - Art-and-live Bo\u017cena Ma\u0142ysiak Photography<\/title>\n<meta name=\"robots\" content=\"index, follow, max-snippet:-1, max-image-preview:large, max-video-preview:-1\" \/>\n<link rel=\"canonical\" href=\"https:\/\/artfoto.org.pl\/polityka-prywatnosci\/\" \/>\n<meta property=\"og:locale\" content=\"en_US\" \/>\n<meta property=\"og:type\" content=\"article\" \/>\n<meta property=\"og:title\" content=\"Privacy Policy and Cookie Policy - Art-and-live Bo\u017cena Ma\u0142ysiak Photography\" \/>\n<meta property=\"og:description\" content=\"\u00a71 POSTANOWIENIA OG\u00d3LNE 1. Administrator strony internetowej www.artfoto.org.pl szanuje prawo u\u017cytkownik\u00f3w do prywatno\u015bci i dba ze szczeg\u00f3ln\u0105 trosk\u0105 o ochron\u0119 ich danych osobowych aby ka\u017cdy internauta korzystaj\u0105cy z tej strony czu\u0142 si\u0119 w pe\u0142ni bezpiecznie.\u00a0Korzystanie ze strony internetowej www.artfoto.org.pl\u00a0 oznacza akceptacj\u0119 poni\u017cszych warunk\u00f3w Polityki Prywatno\u015bci i Polityki Cookies. 2. Niniejsza Polityka Prywatno\u015bci i Polityka Cookies [&hellip;]\" \/>\n<meta property=\"og:url\" content=\"https:\/\/artfoto.org.pl\/polityka-prywatnosci\/\" \/>\n<meta property=\"og:site_name\" content=\"Art-and-live Bo\u017cena Ma\u0142ysiak Photography\" \/>\n<meta property=\"article:modified_time\" content=\"2018-05-28T07:19:08+00:00\" \/>\n<meta name=\"twitter:card\" content=\"summary_large_image\" \/>\n<meta name=\"twitter:label1\" content=\"Est. reading time\" \/>\n\t<meta name=\"twitter:data1\" content=\"18 minutes\" \/>\n<script type=\"application\/ld+json\" class=\"yoast-schema-graph\">{\"@context\":\"https:\\\/\\\/schema.org\",\"@graph\":[{\"@type\":\"WebPage\",\"@id\":\"https:\\\/\\\/artfoto.org.pl\\\/polityka-prywatnosci\\\/\",\"url\":\"https:\\\/\\\/artfoto.org.pl\\\/polityka-prywatnosci\\\/\",\"name\":\"Privacy Policy and Cookie Policy - Art-and-live Bo\u017cena Ma\u0142ysiak Photography\",\"isPartOf\":{\"@id\":\"https:\\\/\\\/artfoto.org.pl\\\/#website\"},\"datePublished\":\"2018-05-24T14:55:12+00:00\",\"dateModified\":\"2018-05-28T07:19:08+00:00\",\"breadcrumb\":{\"@id\":\"https:\\\/\\\/artfoto.org.pl\\\/polityka-prywatnosci\\\/#breadcrumb\"},\"inLanguage\":\"en-US\",\"potentialAction\":[{\"@type\":\"ReadAction\",\"target\":[\"https:\\\/\\\/artfoto.org.pl\\\/polityka-prywatnosci\\\/\"]}]},{\"@type\":\"BreadcrumbList\",\"@id\":\"https:\\\/\\\/artfoto.org.pl\\\/polityka-prywatnosci\\\/#breadcrumb\",\"itemListElement\":[{\"@type\":\"ListItem\",\"position\":1,\"name\":\"Strona g\u0142\u00f3wna\",\"item\":\"https:\\\/\\\/artfoto.org.pl\\\/\"},{\"@type\":\"ListItem\",\"position\":2,\"name\":\"Polityka Prywatno\u015bci i Polityka Cookies\"}]},{\"@type\":\"WebSite\",\"@id\":\"https:\\\/\\\/artfoto.org.pl\\\/#website\",\"url\":\"https:\\\/\\\/artfoto.org.pl\\\/\",\"name\":\"Art-and-live Bo\u017cena Ma\u0142ysiak Photography\",\"description\":\"Galeria zdj\u0119\u0107, inspiruj\u0105ce wyjazdy, ciekawy blog o podr\u00f3\u017cach, chwile zatrzymane w kadrze, pasja fotografowania ka\u017cdego dnia.\",\"publisher\":{\"@id\":\"https:\\\/\\\/artfoto.org.pl\\\/#\\\/schema\\\/person\\\/a4983bce4bac065bb79f02ccafa9fe54\"},\"potentialAction\":[{\"@type\":\"SearchAction\",\"target\":{\"@type\":\"EntryPoint\",\"urlTemplate\":\"https:\\\/\\\/artfoto.org.pl\\\/?s={search_term_string}\"},\"query-input\":{\"@type\":\"PropertyValueSpecification\",\"valueRequired\":true,\"valueName\":\"search_term_string\"}}],\"inLanguage\":\"en-US\"},{\"@type\":[\"Person\",\"Organization\"],\"@id\":\"https:\\\/\\\/artfoto.org.pl\\\/#\\\/schema\\\/person\\\/a4983bce4bac065bb79f02ccafa9fe54\",\"name\":\"bozena\",\"logo\":{\"@id\":\"https:\\\/\\\/artfoto.org.pl\\\/#\\\/schema\\\/person\\\/image\\\/\"}}]}<\/script>\n<!-- \/ Yoast SEO plugin. -->","yoast_head_json":{"title":"Privacy Policy and Cookie Policy - Art-and-live Bo\u017cena Ma\u0142ysiak Photography","robots":{"index":"index","follow":"follow","max-snippet":"max-snippet:-1","max-image-preview":"max-image-preview:large","max-video-preview":"max-video-preview:-1"},"canonical":"https:\/\/artfoto.org.pl\/polityka-prywatnosci\/","og_locale":"en_US","og_type":"article","og_title":"Privacy Policy and Cookie Policy - Art-and-live Bo\u017cena Ma\u0142ysiak Photography","og_description":"\u00a71 POSTANOWIENIA OG\u00d3LNE 1. Administrator strony internetowej www.artfoto.org.pl szanuje prawo u\u017cytkownik\u00f3w do prywatno\u015bci i dba ze szczeg\u00f3ln\u0105 trosk\u0105 o ochron\u0119 ich danych osobowych aby ka\u017cdy internauta korzystaj\u0105cy z tej strony czu\u0142 si\u0119 w pe\u0142ni bezpiecznie.\u00a0Korzystanie ze strony internetowej www.artfoto.org.pl\u00a0 oznacza akceptacj\u0119 poni\u017cszych warunk\u00f3w Polityki Prywatno\u015bci i Polityki Cookies. 2. Niniejsza Polityka Prywatno\u015bci i Polityka Cookies [&hellip;]","og_url":"https:\/\/artfoto.org.pl\/polityka-prywatnosci\/","og_site_name":"Art-and-live Bo\u017cena Ma\u0142ysiak Photography","article_modified_time":"2018-05-28T07:19:08+00:00","twitter_card":"summary_large_image","twitter_misc":{"Est. reading time":"18 minutes"},"schema":{"@context":"https:\/\/schema.org","@graph":[{"@type":"WebPage","@id":"https:\/\/artfoto.org.pl\/polityka-prywatnosci\/","url":"https:\/\/artfoto.org.pl\/polityka-prywatnosci\/","name":"Privacy Policy and Cookie Policy - Art-and-live Bo\u017cena Ma\u0142ysiak Photography","isPartOf":{"@id":"https:\/\/artfoto.org.pl\/#website"},"datePublished":"2018-05-24T14:55:12+00:00","dateModified":"2018-05-28T07:19:08+00:00","breadcrumb":{"@id":"https:\/\/artfoto.org.pl\/polityka-prywatnosci\/#breadcrumb"},"inLanguage":"en-US","potentialAction":[{"@type":"ReadAction","target":["https:\/\/artfoto.org.pl\/polityka-prywatnosci\/"]}]},{"@type":"BreadcrumbList","@id":"https:\/\/artfoto.org.pl\/polityka-prywatnosci\/#breadcrumb","itemListElement":[{"@type":"ListItem","position":1,"name":"Strona g\u0142\u00f3wna","item":"https:\/\/artfoto.org.pl\/"},{"@type":"ListItem","position":2,"name":"Polityka Prywatno\u015bci i Polityka Cookies"}]},{"@type":"WebSite","@id":"https:\/\/artfoto.org.pl\/#website","url":"https:\/\/artfoto.org.pl\/","name":"Art-and-live Bo\u017cena Ma\u0142ysiak Photography","description":"Galeria zdj\u0119\u0107, inspiruj\u0105ce wyjazdy, ciekawy blog o podr\u00f3\u017cach, chwile zatrzymane w kadrze, pasja fotografowania ka\u017cdego dnia.","publisher":{"@id":"https:\/\/artfoto.org.pl\/#\/schema\/person\/a4983bce4bac065bb79f02ccafa9fe54"},"potentialAction":[{"@type":"SearchAction","target":{"@type":"EntryPoint","urlTemplate":"https:\/\/artfoto.org.pl\/?s={search_term_string}"},"query-input":{"@type":"PropertyValueSpecification","valueRequired":true,"valueName":"search_term_string"}}],"inLanguage":"en-US"},{"@type":["Person","Organization"],"@id":"https:\/\/artfoto.org.pl\/#\/schema\/person\/a4983bce4bac065bb79f02ccafa9fe54","name":"bozena","logo":{"@id":"https:\/\/artfoto.org.pl\/#\/schema\/person\/image\/"}}]}},"_links":{"self":[{"href":"https:\/\/artfoto.org.pl\/en\/wp-json\/wp\/v2\/pages\/3488","targetHints":{"allow":["GET"]}}],"collection":[{"href":"https:\/\/artfoto.org.pl\/en\/wp-json\/wp\/v2\/pages"}],"about":[{"href":"https:\/\/artfoto.org.pl\/en\/wp-json\/wp\/v2\/types\/page"}],"author":[{"embeddable":true,"href":"https:\/\/artfoto.org.pl\/en\/wp-json\/wp\/v2\/users\/2"}],"replies":[{"embeddable":true,"href":"https:\/\/artfoto.org.pl\/en\/wp-json\/wp\/v2\/comments?post=3488"}],"version-history":[{"count":0,"href":"https:\/\/artfoto.org.pl\/en\/wp-json\/wp\/v2\/pages\/3488\/revisions"}],"wp:attachment":[{"href":"https:\/\/artfoto.org.pl\/en\/wp-json\/wp\/v2\/media?parent=3488"}],"curies":[{"name":"wp","href":"https:\/\/api.w.org\/{rel}","templated":true}]}}