{"id":26,"date":"2014-05-17T15:13:44","date_gmt":"2014-05-17T13:13:44","guid":{"rendered":"http:\/\/artfoto.org.pl\/?page_id=26"},"modified":"2024-03-20T20:35:45","modified_gmt":"2024-03-20T19:35:45","slug":"bozena-malysiak-fotografia","status":"publish","type":"page","link":"https:\/\/artfoto.org.pl\/en\/bozena-malysiak-fotografia\/","title":{"rendered":"Bo\u017cena Ma\u0142ysiak Photography"},"content":{"rendered":"<div class=\"blok\">\n<div class=\"heading-section\"><h1>The Author<\/h1><\/div>\n<div class=\"column2 column_space\"><strong>Does it matter how long I have been into photography?<\/strong><br \/>\n<strong>Does it matter how many years I have been doing it?<\/strong><br \/>\n<strong>Does my education matter?<\/strong><br \/>\n<strong>Does something else matter?<\/strong><\/p>\n<p>Photography for me is individual particles of the universe<br \/>\nTrees, flowers and sometimes only a leaf existing alone in the white, empty space,<\/p>\n<p>Each of my photos describes this world in a shortest and most comprehensive way<br \/>\nPhoto for me is &#8220;a picture &#8211; a sketch,&#8221; which records the current state of a fragment of the world in the fullest possible way trying to create and convey the atmosphere of the moment.<\/p>\n<p>Because of this, we can strongly feel simple, clean beauty of things that, in a moment, will not be the same because everything around us is constantly fading away<br \/>\nThis is precisely the moment I capture in my photos<br \/>\nPhotography is the shortest poetry in the world<br \/>\nIt is full of life and specific while contemplative<br \/>\nEvery moment becomes unique<br \/>\nA thought-out frame is the essence of the moment, pure thought<br \/>\nMy photography is a style of thinking, feeling and perception<br \/>\nIt is a simple delight over a ray of the sun, which clambered out from behind heavy clouds<br \/><\/div>\n<div class=\"column2 clearfix\">\n\t<div class=\"spaced-wrap clearfix\">\n\t\t<div class=\"flexslider-container-page flexislider-container-ID69e2475e98a8 clearfix\">\n\t\t\t<div id=\"flexID69e2475e98a8\" class=\"flexslider\">\n\t\t\t<ul class=\"slides\"><li><a class=\"portfolio-image-link flexislideshow-link\" rel=\"prettyPhoto[26-8007]\" href=\"https:\/\/artfoto.org.pl\/wp-content\/uploads\/2014\/05\/slajd1.jpg\"><img decoding=\"async\" src=\"https:\/\/artfoto.org.pl\/wp-content\/uploads\/2014\/05\/slajd1.jpg\" alt=\"Bo\u017cena Ma\u0142ysiak Fotografia\" class=\"displayed-image\"\/><\/a><\/li><\/ul><\/div><\/div><div class=\"clear\"><\/div><\/div>\n<script type=\"text\/javascript\">\n\tjQuery(window).load(function() {\n\t\tjQuery(\"#flexID69e2475e98a8\").flexslider({\n\t\t\tanimation: \"fade\",\n\t\t\tslideshow: true,\n\t\t\tpauseOnAction: true,\n\t\t\tpauseOnHover: true,\n\t\t\tsmoothHeight: true,\n\t\t\tcontrolsContainer: \"flexslider-container-ID69e2475e98a8\",\n\t\t\tstart: function(){\n\t\t\t\tjQuery(\".flexslider-container-page,.portfolio-element .ajax-image-block\").css(\"background\",\"none\");\n\t\t\t},\n\t\t});\n\t});\n<\/script>\n<\/div><div class=\"clear\"><\/div>\n<\/div>\n<div class=\"blok\"><\/div>\n<div class=\"blok\">\n<div class=\"heading-section\"><h1>Contact<\/h1><\/div>\n<strong>Bo\u017cena Ma\u0142ysiak<\/strong><br \/>\nTel: <strong>+48 882 105 252<\/strong><\/p>\n<p><strong>Write to me<\/strong><br \/>\n<a href=\"mailto:kontakt@artfoto.org.pl\">kontakt@artfoto.org.pl<\/a><\/p>\n<\/div>","protected":false},"excerpt":{"rendered":"<p>Bo\u017cena Ma\u0142ysiak Tel: +48 882 105 252 Write to me kontakt@artfoto.org.pl<\/p>\n","protected":false},"author":1,"featured_media":30,"parent":0,"menu_order":0,"comment_status":"open","ping_status":"open","template":"","meta":{"footnotes":""},"class_list":["post-26","page","type-page","status-publish","has-post-thumbnail","hentry"],"yoast_head":"<!-- This site is optimized with the Yoast SEO plugin v27.4 - https:\/\/yoast.com\/product\/yoast-seo-wordpress\/ -->\n<title>Bo\u017cena Ma\u0142ysiak Fotografia - O mnie<\/title>\n<meta name=\"description\" content=\"Bo\u017cena Ma\u0142ysiak Fotografia: Fotografia to dla mnie poszczeg\u00f3lne cz\u0105stki wszech\u015bwiata Drzewa, kwiaty a czasami tylko li\u015b\u0107 istniej\u0105cy samotnie w bia\u0142ej, pustej przestrzeni\" \/>\n<meta name=\"robots\" content=\"index, follow, max-snippet:-1, max-image-preview:large, max-video-preview:-1\" \/>\n<link rel=\"canonical\" href=\"https:\/\/artfoto.org.pl\/bozena-malysiak-fotografia\/\" \/>\n<meta property=\"og:locale\" content=\"en_US\" \/>\n<meta property=\"og:type\" content=\"article\" \/>\n<meta property=\"og:title\" content=\"[:pl]Bo\u017cena Ma\u0142ysiak Fotografia - O mnie[:]\" \/>\n<meta property=\"og:description\" content=\"{:pl}Bo\u017cena Ma\u0142ysiak Fotografia: Fotografia to dla mnie poszczeg\u00f3lne cz\u0105stki wszech\u015bwiata Drzewa, kwiaty a czasami tylko li\u015b\u0107 istniej\u0105cy samotnie w bia\u0142ej, pustej przestrzeni{:}\" \/>\n<meta property=\"og:url\" content=\"https:\/\/artfoto.org.pl\/bozena-malysiak-fotografia\/\" \/>\n<meta property=\"og:site_name\" content=\"Art-and-live Bo\u017cena Ma\u0142ysiak Photography\" \/>\n<meta property=\"article:modified_time\" content=\"2024-03-20T19:35:45+00:00\" \/>\n<meta property=\"og:image\" content=\"https:\/\/artfoto.org.pl\/wp-content\/uploads\/2014\/05\/slajd1.jpg\" \/>\n\t<meta property=\"og:image:width\" content=\"800\" \/>\n\t<meta property=\"og:image:height\" content=\"800\" \/>\n\t<meta property=\"og:image:type\" content=\"image\/jpeg\" \/>\n<meta name=\"twitter:card\" content=\"summary_large_image\" \/>\n<meta name=\"twitter:label1\" content=\"Est. reading time\" \/>\n\t<meta name=\"twitter:data1\" content=\"2 minutes\" \/>\n<script type=\"application\/ld+json\" class=\"yoast-schema-graph\">{\"@context\":\"https:\\\/\\\/schema.org\",\"@graph\":[{\"@type\":\"WebPage\",\"@id\":\"https:\\\/\\\/artfoto.org.pl\\\/bozena-malysiak-fotografia\\\/\",\"url\":\"https:\\\/\\\/artfoto.org.pl\\\/bozena-malysiak-fotografia\\\/\",\"name\":\"[:pl]Bo\u017cena Ma\u0142ysiak Fotografia - O mnie[:]\",\"isPartOf\":{\"@id\":\"https:\\\/\\\/artfoto.org.pl\\\/#website\"},\"primaryImageOfPage\":{\"@id\":\"https:\\\/\\\/artfoto.org.pl\\\/bozena-malysiak-fotografia\\\/#primaryimage\"},\"image\":{\"@id\":\"https:\\\/\\\/artfoto.org.pl\\\/bozena-malysiak-fotografia\\\/#primaryimage\"},\"thumbnailUrl\":\"https:\\\/\\\/artfoto.org.pl\\\/wp-content\\\/uploads\\\/2014\\\/05\\\/slajd1.jpg\",\"datePublished\":\"2014-05-17T13:13:44+00:00\",\"dateModified\":\"2024-03-20T19:35:45+00:00\",\"description\":\"{:pl}Bo\u017cena Ma\u0142ysiak Fotografia: Fotografia to dla mnie poszczeg\u00f3lne cz\u0105stki wszech\u015bwiata Drzewa, kwiaty a czasami tylko li\u015b\u0107 istniej\u0105cy samotnie w bia\u0142ej, pustej przestrzeni{:}\",\"breadcrumb\":{\"@id\":\"https:\\\/\\\/artfoto.org.pl\\\/bozena-malysiak-fotografia\\\/#breadcrumb\"},\"inLanguage\":\"en-US\",\"potentialAction\":[{\"@type\":\"ReadAction\",\"target\":[\"https:\\\/\\\/artfoto.org.pl\\\/bozena-malysiak-fotografia\\\/\"]}]},{\"@type\":\"ImageObject\",\"inLanguage\":\"en-US\",\"@id\":\"https:\\\/\\\/artfoto.org.pl\\\/bozena-malysiak-fotografia\\\/#primaryimage\",\"url\":\"https:\\\/\\\/artfoto.org.pl\\\/wp-content\\\/uploads\\\/2014\\\/05\\\/slajd1.jpg\",\"contentUrl\":\"https:\\\/\\\/artfoto.org.pl\\\/wp-content\\\/uploads\\\/2014\\\/05\\\/slajd1.jpg\",\"width\":800,\"height\":800,\"caption\":\"Bo\u017cena Ma\u0142ysiak Fotografia\"},{\"@type\":\"BreadcrumbList\",\"@id\":\"https:\\\/\\\/artfoto.org.pl\\\/bozena-malysiak-fotografia\\\/#breadcrumb\",\"itemListElement\":[{\"@type\":\"ListItem\",\"position\":1,\"name\":\"Strona g\u0142\u00f3wna\",\"item\":\"https:\\\/\\\/artfoto.org.pl\\\/\"},{\"@type\":\"ListItem\",\"position\":2,\"name\":\"Fotografia\"}]},{\"@type\":\"WebSite\",\"@id\":\"https:\\\/\\\/artfoto.org.pl\\\/#website\",\"url\":\"https:\\\/\\\/artfoto.org.pl\\\/\",\"name\":\"Art-and-live Bo\u017cena Ma\u0142ysiak Photography\",\"description\":\"Galeria zdj\u0119\u0107, inspiruj\u0105ce wyjazdy, ciekawy blog o podr\u00f3\u017cach, chwile zatrzymane w kadrze, pasja fotografowania ka\u017cdego dnia.\",\"publisher\":{\"@id\":\"https:\\\/\\\/artfoto.org.pl\\\/#\\\/schema\\\/person\\\/a4983bce4bac065bb79f02ccafa9fe54\"},\"potentialAction\":[{\"@type\":\"SearchAction\",\"target\":{\"@type\":\"EntryPoint\",\"urlTemplate\":\"https:\\\/\\\/artfoto.org.pl\\\/?s={search_term_string}\"},\"query-input\":{\"@type\":\"PropertyValueSpecification\",\"valueRequired\":true,\"valueName\":\"search_term_string\"}}],\"inLanguage\":\"en-US\"},{\"@type\":[\"Person\",\"Organization\"],\"@id\":\"https:\\\/\\\/artfoto.org.pl\\\/#\\\/schema\\\/person\\\/a4983bce4bac065bb79f02ccafa9fe54\",\"name\":\"bozena\",\"logo\":{\"@id\":\"https:\\\/\\\/artfoto.org.pl\\\/#\\\/schema\\\/person\\\/image\\\/\"}}]}<\/script>\n<!-- \/ Yoast SEO plugin. -->","yoast_head_json":{"title":"Bo\u017cena Ma\u0142ysiak Fotografia - O mnie","description":"Bo\u017cena Ma\u0142ysiak Fotografia: Fotografia to dla mnie poszczeg\u00f3lne cz\u0105stki wszech\u015bwiata Drzewa, kwiaty a czasami tylko li\u015b\u0107 istniej\u0105cy samotnie w bia\u0142ej, pustej przestrzeni","robots":{"index":"index","follow":"follow","max-snippet":"max-snippet:-1","max-image-preview":"max-image-preview:large","max-video-preview":"max-video-preview:-1"},"canonical":"https:\/\/artfoto.org.pl\/bozena-malysiak-fotografia\/","og_locale":"en_US","og_type":"article","og_title":"[:pl]Bo\u017cena Ma\u0142ysiak Fotografia - O mnie[:]","og_description":"{:pl}Bo\u017cena Ma\u0142ysiak Fotografia: Fotografia to dla mnie poszczeg\u00f3lne cz\u0105stki wszech\u015bwiata Drzewa, kwiaty a czasami tylko li\u015b\u0107 istniej\u0105cy samotnie w bia\u0142ej, pustej przestrzeni{:}","og_url":"https:\/\/artfoto.org.pl\/bozena-malysiak-fotografia\/","og_site_name":"Art-and-live Bo\u017cena Ma\u0142ysiak Photography","article_modified_time":"2024-03-20T19:35:45+00:00","og_image":[{"width":800,"height":800,"url":"https:\/\/artfoto.org.pl\/wp-content\/uploads\/2014\/05\/slajd1.jpg","type":"image\/jpeg"}],"twitter_card":"summary_large_image","twitter_misc":{"Est. reading time":"2 minutes"},"schema":{"@context":"https:\/\/schema.org","@graph":[{"@type":"WebPage","@id":"https:\/\/artfoto.org.pl\/bozena-malysiak-fotografia\/","url":"https:\/\/artfoto.org.pl\/bozena-malysiak-fotografia\/","name":"[:pl]Bo\u017cena Ma\u0142ysiak Fotografia - O mnie[:]","isPartOf":{"@id":"https:\/\/artfoto.org.pl\/#website"},"primaryImageOfPage":{"@id":"https:\/\/artfoto.org.pl\/bozena-malysiak-fotografia\/#primaryimage"},"image":{"@id":"https:\/\/artfoto.org.pl\/bozena-malysiak-fotografia\/#primaryimage"},"thumbnailUrl":"https:\/\/artfoto.org.pl\/wp-content\/uploads\/2014\/05\/slajd1.jpg","datePublished":"2014-05-17T13:13:44+00:00","dateModified":"2024-03-20T19:35:45+00:00","description":"{:pl}Bo\u017cena Ma\u0142ysiak Fotografia: Fotografia to dla mnie poszczeg\u00f3lne cz\u0105stki wszech\u015bwiata Drzewa, kwiaty a czasami tylko li\u015b\u0107 istniej\u0105cy samotnie w bia\u0142ej, pustej przestrzeni{:}","breadcrumb":{"@id":"https:\/\/artfoto.org.pl\/bozena-malysiak-fotografia\/#breadcrumb"},"inLanguage":"en-US","potentialAction":[{"@type":"ReadAction","target":["https:\/\/artfoto.org.pl\/bozena-malysiak-fotografia\/"]}]},{"@type":"ImageObject","inLanguage":"en-US","@id":"https:\/\/artfoto.org.pl\/bozena-malysiak-fotografia\/#primaryimage","url":"https:\/\/artfoto.org.pl\/wp-content\/uploads\/2014\/05\/slajd1.jpg","contentUrl":"https:\/\/artfoto.org.pl\/wp-content\/uploads\/2014\/05\/slajd1.jpg","width":800,"height":800,"caption":"Bo\u017cena Ma\u0142ysiak Fotografia"},{"@type":"BreadcrumbList","@id":"https:\/\/artfoto.org.pl\/bozena-malysiak-fotografia\/#breadcrumb","itemListElement":[{"@type":"ListItem","position":1,"name":"Strona g\u0142\u00f3wna","item":"https:\/\/artfoto.org.pl\/"},{"@type":"ListItem","position":2,"name":"Fotografia"}]},{"@type":"WebSite","@id":"https:\/\/artfoto.org.pl\/#website","url":"https:\/\/artfoto.org.pl\/","name":"Art-and-live Bo\u017cena Ma\u0142ysiak Photography","description":"Galeria zdj\u0119\u0107, inspiruj\u0105ce wyjazdy, ciekawy blog o podr\u00f3\u017cach, chwile zatrzymane w kadrze, pasja fotografowania ka\u017cdego dnia.","publisher":{"@id":"https:\/\/artfoto.org.pl\/#\/schema\/person\/a4983bce4bac065bb79f02ccafa9fe54"},"potentialAction":[{"@type":"SearchAction","target":{"@type":"EntryPoint","urlTemplate":"https:\/\/artfoto.org.pl\/?s={search_term_string}"},"query-input":{"@type":"PropertyValueSpecification","valueRequired":true,"valueName":"search_term_string"}}],"inLanguage":"en-US"},{"@type":["Person","Organization"],"@id":"https:\/\/artfoto.org.pl\/#\/schema\/person\/a4983bce4bac065bb79f02ccafa9fe54","name":"bozena","logo":{"@id":"https:\/\/artfoto.org.pl\/#\/schema\/person\/image\/"}}]}},"_links":{"self":[{"href":"https:\/\/artfoto.org.pl\/en\/wp-json\/wp\/v2\/pages\/26","targetHints":{"allow":["GET"]}}],"collection":[{"href":"https:\/\/artfoto.org.pl\/en\/wp-json\/wp\/v2\/pages"}],"about":[{"href":"https:\/\/artfoto.org.pl\/en\/wp-json\/wp\/v2\/types\/page"}],"author":[{"embeddable":true,"href":"https:\/\/artfoto.org.pl\/en\/wp-json\/wp\/v2\/users\/1"}],"replies":[{"embeddable":true,"href":"https:\/\/artfoto.org.pl\/en\/wp-json\/wp\/v2\/comments?post=26"}],"version-history":[{"count":0,"href":"https:\/\/artfoto.org.pl\/en\/wp-json\/wp\/v2\/pages\/26\/revisions"}],"wp:featuredmedia":[{"embeddable":true,"href":"https:\/\/artfoto.org.pl\/en\/wp-json\/wp\/v2\/media\/30"}],"wp:attachment":[{"href":"https:\/\/artfoto.org.pl\/en\/wp-json\/wp\/v2\/media?parent=26"}],"curies":[{"name":"wp","href":"https:\/\/api.w.org\/{rel}","templated":true}]}}